{"id":1871,"date":"2020-05-08T16:08:37","date_gmt":"2020-05-08T14:08:37","guid":{"rendered":"http:\/\/velvethammer.eu\/?page_id=1871"},"modified":"2020-05-15T14:24:29","modified_gmt":"2020-05-15T12:24:29","slug":"adatkezelesi-tajekoztato","status":"publish","type":"page","link":"https:\/\/velvethammer.eu\/hu\/adatkezelesi-tajekoztato\/","title":{"rendered":"Adatkezel\u00e9si t\u00e1j\u00e9koztat\u00f3"},"content":{"rendered":"<h2><b>Adatkezel\u00e9si t\u00e1j\u00e9koztat\u00f3<\/p>\n<p><\/b><b><\/b><\/h2>\n<h2>I. Az adatkezel\u0151<\/h2>\n<p>Szolg\u00e1ltat\u00f3 neve: B\u00e1rsonykalap\u00e1cs Kft.<br \/>\nSzolg\u00e1ltat\u00f3 sz\u00e9khelye \/ levelez\u00e9si c\u00edme: 1141 Budapest Kom\u00f3csy u. 11-13.<br \/>\nAd\u00f3sz\u00e1m: 12307751-2-42<br \/>\nC\u00e9gjegyz\u00e9ksz\u00e1m: 01-09-664860<br \/>\nTelefonsz\u00e1ma: +36 30 274 9115<br \/>\nE-mail c\u00edme: <a href=\"mailto:balogh@velvethammer.eu\">balogh@velvethammer.eu<\/a><br \/>\nT\u00e1rhelyszolg\u00e1ltat\u00f3: ACE Telecom Kft. C\u00edme: 1037 Budapest, Zay u. 3.<\/p>\n<h2>II. Fogalommeghat\u00e1roz\u00e1sok<\/h2>\n<p>GDPR (General Data Protection Regulation) az Eur\u00f3pai Uni\u00f3 \u00faj Adatv\u00e9delmi Rendelete;<\/p>\n<p>Adatkezel\u00e9s: a szem\u00e9lyes adatokon vagy adat\u00e1llom\u00e1nyban automatiz\u00e1lt vagy nem automatiz\u00e1lt m\u00f3don v\u00e9gzett b\u00e1rmely m\u0171velet vagy m\u0171veletek \u00f6sszess\u00e9ge, \u00edgy a gy\u0171jt\u00e9s, r\u00f6gz\u00edt\u00e9s, rendszerez\u00e9s, tagol\u00e1s, t\u00e1rol\u00e1s, \u00e1talak\u00edt\u00e1s vagy megv\u00e1ltoztat\u00e1s, lek\u00e9rdez\u00e9s, betekint\u00e9s, felhaszn\u00e1l\u00e1s, k\u00f6zl\u00e9s, tov\u00e1bb\u00edt\u00e1s, terjeszt\u00e9s vagy egy\u00e9b m\u00f3don t\u00f6rt\u00e9n\u0151 hozz\u00e1f\u00e9rhet\u0151v\u00e9 t\u00e9tel \u00fatj\u00e1n, \u00f6sszehangol\u00e1s vagy \u00f6sszekapcsol\u00e1s, korl\u00e1toz\u00e1s, t\u00f6rl\u00e9s, illetve megsemmis\u00edt\u00e9s;<\/p>\n<p>Adatfeldolgoz\u00f3: az a term\u00e9szetes vagy jogi szem\u00e9ly, k\u00f6zhatalmi szerv, \u00fcgyn\u00f6ks\u00e9g vagy b\u00e1rmely egy\u00e9b szerv, amely az adatkezel\u0151 nev\u00e9ben szem\u00e9lyes adatokat kezel;<\/p>\n<p>Szem\u00e9lyes adat: azonos\u00edtott vagy azonos\u00edthat\u00f3 term\u00e9szetes szem\u00e9lyre (\u00e9rintett) vonatkoz\u00f3 b\u00e1rmely inform\u00e1ci\u00f3; azonos\u00edthat\u00f3 az a term\u00e9szetes szem\u00e9ly, aki k\u00f6zvetlen vagy k\u00f6zvetett m\u00f3don, k\u00fcl\u00f6n\u00f6sen valamely azonos\u00edt\u00f3, p\u00e9ld\u00e1ul n\u00e9v, sz\u00e1m, helymeghat\u00e1roz\u00f3 adat, online azonos\u00edt\u00f3 vagy a term\u00e9szetes szem\u00e9ly testi, fiziol\u00f3giai, genetikai, szellemi, gazdas\u00e1gi, kultur\u00e1lis vagy szoci\u00e1lis azonoss\u00e1g\u00e1ra vonatkoz\u00f3 egy vagy t\u00f6bb t\u00e9nyez\u0151 alapj\u00e1n azonos\u00edthat\u00f3;<\/p>\n<p>Adatkezel\u0151: az a term\u00e9szetes vagy jogi szem\u00e9ly, k\u00f6zhatalmi szerv, \u00fcgyn\u00f6ks\u00e9g vagy b\u00e1rmely egy\u00e9b szerv, amely a szem\u00e9lyes adatok kezel\u00e9s\u00e9nek c\u00e9ljait \u00e9s eszk\u00f6zeit \u00f6n\u00e1ll\u00f3an vagy m\u00e1sokkal egy\u00fctt meghat\u00e1rozza; ha az adatkezel\u00e9s c\u00e9ljait \u00e9s eszk\u00f6zeit az uni\u00f3s vagy a tag\u00e1llami jog hat\u00e1rozza meg, az adatkezel\u0151t vagy az adatkezel\u0151 kijel\u00f6l\u00e9s\u00e9re vonatkoz\u00f3 k\u00fcl\u00f6n\u00f6s szempontokat az uni\u00f3s vagy a tag\u00e1llami jog is meghat\u00e1rozhatja;<\/p>\n<p>Az \u00e9rintett hozz\u00e1j\u00e1rul\u00e1sa: az \u00e9rintett akarat\u00e1nak \u00f6nk\u00e9ntes, konkr\u00e9t \u00e9s megfelel\u0151 t\u00e1j\u00e9koztat\u00e1son alapul\u00f3 \u00e9s egy\u00e9rtelm\u0171 kinyilv\u00e1n\u00edt\u00e1sa, amellyel az \u00e9rintett nyilatkozat vagy a meger\u0151s\u00edt\u00e9st f\u00e9lre\u00e9rthetetlen\u00fcl kifejez\u0151 cselekedet \u00fatj\u00e1n jelzi, hogy beleegyez\u00e9s\u00e9t adja az \u0151t \u00e9rint\u0151 szem\u00e9lyes adatok kezel\u00e9s\u00e9hez;<\/p>\n<p>Adatv\u00e9delmi incidens: a biztons\u00e1g olyan s\u00e9r\u00fcl\u00e9se, amely a tov\u00e1bb\u00edtott, t\u00e1rolt vagy m\u00e1s m\u00f3don kezelt szem\u00e9lyes adatok v\u00e9letlen vagy jogellenes megsemmis\u00edt\u00e9s\u00e9t, elveszt\u00e9s\u00e9t, megv\u00e1ltoztat\u00e1s\u00e1t, jogosulatlan k\u00f6zl\u00e9s\u00e9t vagy az azokhoz val\u00f3 jogosulatlan hozz\u00e1f\u00e9r\u00e9st eredm\u00e9nyezi.<\/p>\n<p>Adatt\u00f6rl\u00e9s: az adatok felismerhetetlenn\u00e9 t\u00e9tele, \u00fagy hogy helyre\u00e1ll\u00edt\u00e1suk nem lehets\u00e9ges<\/p>\n<p>Adatmegsemmis\u00edt\u00e9s:az adatokat tartalmaz\u00f3 adathordoz\u00f3 megsemmis\u00edt\u00e9se<\/p>\n<p>Adattov\u00e1bb\u00edt\u00e1s: az adatok el\u00e9rhet\u0151v\u00e9 t\u00e9tele harmadik f\u00e9l sz\u00e1m\u00e1ra<\/p>\n<p>Harmadik szem\u00e9ly: olyan term\u00e9szetes vagy jogi szem\u00e9ly, illetve jogi szem\u00e9lyis\u00e9ggel nem rendelkez\u0151 szervezet, aki vagy amely nem azonos az \u00e9rintettel, az adatkezel\u0151vel vagy az adatfeldolgoz\u00f3val; 14. EGT-\u00e1llam: az Eur\u00f3pai Uni\u00f3 tag\u00e1llama \u00e9s az Eur\u00f3pai Gazdas\u00e1gi T\u00e9rs\u00e9gr\u0151l sz\u00f3l\u00f3 meg\u00e1llapod\u00e1sban r\u00e9szes m\u00e1s \u00e1llam, tov\u00e1bb\u00e1 az az \u00e1llam, amelynek \u00e1llampolg\u00e1ra az Eur\u00f3pai Uni\u00f3 \u00e9s tag\u00e1llamai, valamint az Eur\u00f3pai Gazdas\u00e1gi T\u00e9rs\u00e9gr\u0151l sz\u00f3l\u00f3 meg\u00e1llapod\u00e1sban nem r\u00e9szes \u00e1llam k\u00f6z\u00f6tt l\u00e9trej\u00f6tt nemzetk\u00f6zi szerz\u0151d\u00e9s alapj\u00e1n az Eur\u00f3pai Gazdas\u00e1gi T\u00e9rs\u00e9gr\u0151l sz\u00f3l\u00f3 meg\u00e1llapod\u00e1sban r\u00e9szes \u00e1llam \u00e1llampolg\u00e1r\u00e1val azonos jog\u00e1ll\u00e1st \u00e9lvez;<\/p>\n<p>Harmadik orsz\u00e1g: minden olyan \u00e1llam, amely nem EGT-\u00e1llam<\/p>\n<h2>III. Az adatkezel\u00e9s c\u00e9ljai, jogalapjai<\/h2>\n<p>Az adatkezel\u00e9s c\u00e9lja: hogy a B\u00e1rsonykalap\u00e1cs Kft. m\u0171k\u00f6d\u00e9se sor\u00e1n a velvethammer.eu honlapon kereszt\u00fcl vagy egy\u00e9b megkeres\u00e9si m\u00f3don hozz\u00e1 fordul\u00f3 \u00e9rdekl\u0151d\u0151k (l\u00e1togat\u00f3k), potenci\u00e1lis \u00fcgyfelek \u00e9s \u00fcgyfelek r\u00e9sz\u00e9re megfelel\u0151 szolg\u00e1ltat\u00e1st ny\u00fajtson.<\/p>\n<ol>\n<li style=\"font-weight: 400;\"><b>Kapcsolatfelv\u00e9teli \u0171rlap<\/b><br \/>\nA kapcsolatfelv\u00e9teli \u0171rlap c\u00e9lja az online kapcsolatfelv\u00e9teli lehet\u0151s\u00e9g biztos\u00edt\u00e1sa. A kezelt adatok k\u00f6re: n\u00e9v, e-mail c\u00edm \u00e9s telefonsz\u00e1m.<br \/>\nAz adatkezel\u00e9s jogalapja: az \u00e9rintett \u00fcgyfelek hozz\u00e1j\u00e1rul\u00e1sa.<br \/>\nAz adatkezel\u00e9s id\u0151tartama: az adatkezel\u00e9s a hozz\u00e1j\u00e1rul\u00e1s visszavon\u00e1s\u00e1ig t\u00f6rt\u00e9nik. Az adatkezel\u00e9shez t\u00f6rt\u00e9n\u0151 hozz\u00e1j\u00e1rul\u00e1s b\u00e1rmikor visszavonhat\u00f3 a kapcsolattart\u00e1si e-mail c\u00edmre k\u00fcld\u00f6tt lev\u00e9lben. Az adatok t\u00f6rl\u00e9se az adatkezel\u00e9shez t\u00f6rt\u00e9n\u0151 hozz\u00e1j\u00e1rul\u00e1s visszavon\u00e1sakor t\u00f6rt\u00e9nik meg.<br \/>\nAz adatok megismer\u00e9s\u00e9re jogosultak: az adatkezel\u0151 \u00e9s alkalmazottai, B\u00e1rsonykalap\u00e1cs Kft. alkalmazottai.<br \/>\nAz adatok t\u00e1rol\u00e1si m\u00f3dja: elektronikus.<br \/>\nA felhaszn\u00e1l\u00f3 a k\u00e9rt adatok elk\u00fcld\u00e9s\u00e9vel (elk\u00fcld gomb) j\u00e1rul hozz\u00e1 az adatai kezel\u00e9shez \u00e9s fogadja el a B\u00e1rsonykalap\u00e1cs Kft. adatkezel\u00e9s t\u00e1j\u00e9koztat\u00f3j\u00e1t.<br \/>\n\u00d6n, mint \u00e9rintett szem\u00e9ly tiltakozhat a szem\u00e9lyes adatai kezel\u00e9se ellen, e tekintetben a fentebb r\u00e9szletezett adatkezel\u00e9si inform\u00e1ci\u00f3k \u00e9s ezen t\u00e1j\u00e9koztat\u00f3, valamint a t\u00e1j\u00e9koztat\u00f3ban ismertetett jogszab\u00e1lyok szerinti elj\u00e1r\u00e1shoz jogosult.<\/li>\n<li style=\"font-weight: 400;\"><b>Kapcsolatfelv\u00e9tel telefonon kereszt\u00fcl<\/b><br \/>\nA velvethammer.eu honlapon megtal\u00e1lhat\u00f3 telefonsz\u00e1m felh\u00edv\u00e1sa sor\u00e1n a B\u00e1rsonykalap\u00e1cs Kft. c\u00e9ges telefonon megjelen\u0151 telefonsz\u00e1m a rendszer meg\u0151rzi. A l\u00e9trej\u00f6tt telefonbesz\u00e9lget\u00e9s alapj\u00e1n a h\u00edv\u00f3 f\u00e9l (potenci\u00e1lis \u00fcgyf\u00e9l) neve a B\u00e1rsonykalap\u00e1cs Kft. elektronikus c\u00edmlist\u00e1j\u00e1ban r\u00f6gz\u00edt\u00e9sre ker\u00fclhet.<br \/>\nA kezelt adatok k\u00f6re: n\u00e9v, \u00e9s telefonsz\u00e1m.<br \/>\nAz adatkezel\u00e9s id\u0151tartama: az adatkezel\u00e9s a hozz\u00e1j\u00e1rul\u00e1s visszavon\u00e1s\u00e1ig t\u00f6rt\u00e9nik. Az adatkezel\u00e9shez t\u00f6rt\u00e9n\u0151 hozz\u00e1j\u00e1rul\u00e1s b\u00e1rmikor visszavonhat\u00f3 a kapcsolattart\u00e1si e-mail c\u00edmre k\u00fcld\u00f6tt lev\u00e9lben. Az adatok t\u00f6rl\u00e9se az adatkezel\u00e9shez t\u00f6rt\u00e9n\u0151 hozz\u00e1j\u00e1rul\u00e1s visszavon\u00e1sakor t\u00f6rt\u00e9nik meg.<br \/>\nAz adatok megismer\u00e9s\u00e9re jogosultak: az adatkezel\u0151 \u00e9s alkalmazottai, B\u00e1rsonykalap\u00e1cs Kft. alkalmazottai.<br \/>\n\u00d6n, mint \u00e9rintett szem\u00e9ly tiltakozhat a szem\u00e9lyes adatai kezel\u00e9se ellen, e tekintetben a fentebb r\u00e9szletezett adatkezel\u00e9si inform\u00e1ci\u00f3k \u00e9s ezen t\u00e1j\u00e9koztat\u00f3, valamint a t\u00e1j\u00e9koztat\u00f3ban ismertetett jogszab\u00e1lyok szerinti elj\u00e1r\u00e1shoz jogosult.<\/li>\n<li style=\"font-weight: 400;\"><b>\u00dczleti, szakmai partnerek el\u00e9rhet\u0151s\u00e9ge<\/b><br \/>\n\u00dczleti \/ szakmai kapcsolatok alapj\u00e1n adatokat jogos \u00e9rdek alapj\u00e1n ker\u00fclnek kezel\u00e9sre.<br \/>\nA kezelt adatok k\u00f6re: a partnerek tulajdonosainak \u00e9s alkalmazottainak szem\u00e9lyes adatai: n\u00e9v, telefonsz\u00e1m, e-mail c\u00edm.<br \/>\nAz adatkezel\u00e9s id\u0151tartama: az adatkezel\u00e9s a hozz\u00e1j\u00e1rul\u00e1s visszavon\u00e1s\u00e1ig t\u00f6rt\u00e9nik. Az adatkezel\u00e9shez t\u00f6rt\u00e9n\u0151 hozz\u00e1j\u00e1rul\u00e1s b\u00e1rmikor visszavonhat\u00f3 a kapcsolattart\u00e1si e-mail c\u00edmre k\u00fcld\u00f6tt lev\u00e9lben. Az adatok t\u00f6rl\u00e9se az adatkezel\u00e9shez t\u00f6rt\u00e9n\u0151 hozz\u00e1j\u00e1rul\u00e1s visszavon\u00e1sakor t\u00f6rt\u00e9nik meg.<br \/>\nAz adatok megismer\u00e9s\u00e9re jogosultak: az adatkezel\u0151 \u00e9s alkalmazottai, B\u00e1rsonykalap\u00e1cs Kft. alkalmazottai.<br \/>\n\u00d6n, mint \u00e9rintett szem\u00e9ly tiltakozhat a szem\u00e9lyes adatai kezel\u00e9se ellen, e tekintetben a fentebb r\u00e9szletezett adatkezel\u00e9si inform\u00e1ci\u00f3k \u00e9s ezen t\u00e1j\u00e9koztat\u00f3, valamint a t\u00e1j\u00e9koztat\u00f3ban ismertetett jogszab\u00e1lyok szerinti elj\u00e1r\u00e1shoz jogosult.<\/li>\n<li style=\"font-weight: 400;\"><b>S\u00fctik<\/b> (\u201eCookies\u201d)<br \/>\nA s\u00fctik feladata:<br \/>\n\u2013 inform\u00e1ci\u00f3kat gy\u0171jtenek a l\u00e1togat\u00f3kr\u00f3l \u00e9s eszk\u00f6zeir\u0151l;<br \/>\n\u2013 megjegyzik a l\u00e1togat\u00f3k egy\u00e9ni be\u00e1ll\u00edt\u00e1sait, amelyek felhaszn\u00e1l\u00e1sra ker\u00fcl(het)nek;<br \/>\n\u2013 min\u0151s\u00e9gi felhaszn\u00e1l\u00f3i \u00e9lm\u00e9nyt biztos\u00edtanak.<br \/>\nA testre szabott kiszolg\u00e1l\u00e1s \u00e9rdek\u00e9ben a felhaszn\u00e1l\u00f3 sz\u00e1m\u00edt\u00f3g\u00e9p\u00e9n kis adatcsomagot, \u00fan. s\u00fctit (cookie) helyez el \u00e9s a k\u00e9s\u0151bbi l\u00e1togat\u00e1s sor\u00e1n olvas vissza. Ha a b\u00f6ng\u00e9sz\u0151 visszak\u00fcld egy kor\u00e1bban elmentett s\u00fctit, a s\u00fctit kezel\u0151 szolg\u00e1ltat\u00f3nak lehet\u0151s\u00e9ge van \u00f6sszekapcsolni a felhaszn\u00e1l\u00f3 aktu\u00e1lis l\u00e1togat\u00e1s\u00e1t a kor\u00e1bbiakkal, de kiz\u00e1r\u00f3lag a saj\u00e1t tartalma tekintet\u00e9ben.<br \/>\nFelt\u00e9tlen\u00fcl sz\u00fcks\u00e9ges, munkamenet (session) cookie-k<br \/>\nEzen s\u00fctik c\u00e9lja, hogy a l\u00e1togat\u00f3k marad\u00e9ktalanul \u00e9s z\u00f6kken\u0151mentesen b\u00f6ng\u00e9szhess\u00e9k a velvethammer.eu weboldal\u00e1t, haszn\u00e1lhass\u00e1k annak funkci\u00f3it, \u00e9s az ott el\u00e9rhet\u0151 szolg\u00e1ltat\u00e1sokat. Az ilyen t\u00edpus\u00fa s\u00fctik \u00e9rv\u00e9nyess\u00e9gi ideje a munkamenet (b\u00f6ng\u00e9sz\u00e9s) befejez\u00e9s\u00e9ig tart, a b\u00f6ng\u00e9sz\u0151 bez\u00e1r\u00e1s\u00e1val a s\u00fctik e fajt\u00e1ja automatikusan t\u00f6rl\u0151dik a sz\u00e1m\u00edt\u00f3g\u00e9pr\u0151l, illetve a b\u00f6ng\u00e9sz\u00e9sre haszn\u00e1lt m\u00e1s eszk\u00f6zr\u0151l.<br \/>\nHarmadik f\u00e9l \u00e1ltal elhelyezett cookie-k (analitika)<br \/>\nA velvethammer.eu honlap alkalmazza a Google Analytics, mint harmadik f\u00e9l s\u00fctijeit is. A Google Analytics statisztikai c\u00e9l\u00fa szolg\u00e1ltat\u00e1s haszn\u00e1lat\u00e1val a velvethammer.eu inform\u00e1ci\u00f3kat gy\u0171jt azzal kapcsolatban, hogy a l\u00e1togat\u00f3k hogyan haszn\u00e1lj\u00e1k a honlapokat. Az adatot a honlap fejleszt\u00e9s\u00e9nek \u00e9s a felhaszn\u00e1l\u00f3i \u00e9lm\u00e9ny jav\u00edt\u00e1s\u00e1nak c\u00e9lj\u00e1val haszn\u00e1lja fel. Ezen a s\u00fctik szint\u00e9n a lej\u00e1ratig a l\u00e1togat\u00f3 sz\u00e1m\u00edt\u00f3g\u00e9p\u00e9n vagy b\u00f6ng\u00e9sz\u00e9sre haszn\u00e1lt m\u00e1s eszk\u00f6z\u00e9n, annak b\u00f6ng\u00e9sz\u0151j\u00e9ben maradnak, illetve am\u00edg a l\u00e1togat\u00f3 nem t\u00f6rli \u0151ket.<br \/>\nA cookie-k a felhaszn\u00e1l\u00f3i \u00e9lm\u00e9nyt seg\u00edtik.<br \/>\nA session ID-k a weboldal elhagy\u00e1sakor automatikusan t\u00f6rl\u0151dnek.<br \/>\nAz adatkezel\u00e9sben \u00e9rintettek k\u00f6re: a velvethammer.eu honlap l\u00e1togat\u00f3i.<br \/>\nAz adatkezel\u00e9s c\u00e9lja: az adatkezel\u0151 a szolg\u00e1ltat\u00e1s teljes\u00edt\u00e9se valamint a vissza\u00e9l\u00e9sek megakad\u00e1lyoz\u00e1sa c\u00e9lj\u00e1b\u00f3l azonos\u00edtja \u00e9s nyomon k\u00f6veti a l\u00e1togat\u00f3kat.<br \/>\nAz adatkezel\u00e9s jogalapja: A felhaszn\u00e1l\u00f3 hozz\u00e1j\u00e1rul\u00e1sa nem sz\u00fcks\u00e9ges, amennyiben a s\u00fctik haszn\u00e1lat\u00e1hoz a szolg\u00e1ltat\u00f3nak felt\u00e9tlen\u00fcl sz\u00fcks\u00e9ge van.<br \/>\nAz adatok k\u00f6re: egyedi azonos\u00edt\u00f3sz\u00e1m, id\u0151pont, be\u00e1ll\u00edt\u00e1si adatok.<br \/>\nAz adatok megismer\u00e9s\u00e9re jogosult: adatkezel\u0151k. A s\u00fctik haszn\u00e1lat\u00e1val nem kezel szem\u00e9lyes adatokat az adatkezel\u0151.<br \/>\nAz adatok t\u00e1rol\u00e1si m\u00f3dja: elektronikus.<br \/>\nA felhaszn\u00e1l\u00f3nak lehet\u0151s\u00e9ge van arra, hogy a s\u00fctiket a Be\u00e1ll\u00edt\u00e1sok men\u00fcpontban b\u00e1rmikor t\u00f6r\u00f6lje a b\u00f6ng\u00e9sz\u0151kb\u0151l.<\/li>\n<li style=\"font-weight: 400;\"><b>Adatkezel\u0151k<\/b><b><br \/>\n<\/b>B\u00e1rsonykalap\u00e1cs Kft., 1141. Budapest, Kom\u00f3csy u. 11-13., Tel: +36 30 274 9115, e-mail c\u00edm: <a href=\"mailto:balogh@velvethammer.eu\">balogh@velvethammer.eu<\/a>)<\/li>\n<li style=\"font-weight: 400;\"><b>Adatfeldolgoz\u00f3k<br \/>\n<\/b>T\u00e1rhelyszolg\u00e1ltat\u00f3: ACE Telecom Kft., sz\u00e9khely: 1037, Budapest, Zay utca 3., Telefon: 1248, e-mail: office@acetelecom.hu<\/li>\n<\/ol>\n<h2>III. Az adatkezel\u00e9ssel kapcsolatos jogok<\/h2>\n<p><b>A t\u00e1j\u00e9koztat\u00e1s k\u00e9r\u00e9shez val\u00f3 jog<\/b><br \/>\n\u00d6n a megadott el\u00e9rhet\u0151s\u00e9geken kereszt\u00fcl t\u00e1j\u00e9koztat\u00e1st k\u00e9rhet t\u0151l\u00fcnk, hogy c\u00e9g\u00fcnk milyen adatait, milyen jogalapon, milyen adatkezel\u00e9si c\u00e9l miatt, milyen forr\u00e1sb\u00f3l, mennyi ideig kezeli. Az \u00d6n k\u00e9relm\u00e9re halad\u00e9ktalanul, de legfeljebb 30 napon bel\u00fcl, az \u00d6n \u00e1ltal megadott e-mail c\u00edmre t\u00e1j\u00e9koztat\u00e1st k\u00fcld\u00fcnk.<\/p>\n<p><b>A helyesb\u00edt\u00e9shez val\u00f3 jog<\/b><br \/>\n\u00d6n a megadott el\u00e9rhet\u0151s\u00e9geken kereszt\u00fcl k\u00e9rheti t\u0151l\u00fcnk hogy valamely adat\u00e1t m\u00f3dos\u00edtsuk. Err\u0151l az \u00d6n k\u00e9relm\u00e9re halad\u00e9ktalanul, de legfeljebb 30 napon bel\u00fcl int\u00e9zked\u00fcnk, az \u00d6n \u00e1ltal megadott e-mail c\u00edmre t\u00e1j\u00e9koztat\u00e1st k\u00fcld\u00fcnk.<\/p>\n<p><b>A t\u00f6rl\u00e9shez val\u00f3 jog<\/b><br \/>\n\u00d6n a megadott el\u00e9rhet\u0151s\u00e9geken kereszt\u00fcl k\u00e9rheti t\u0151l\u00fcnk adat\u00e1nak t\u00f6rl\u00e9s\u00e9t. Az \u00d6n k\u00e9relm\u00e9re ezt halad\u00e9ktalanul, de legfeljebb 30 napon bel\u00fcl megtessz\u00fck, az \u00d6n \u00e1ltal megadott e-mail c\u00edmre t\u00e1j\u00e9koztat\u00e1st k\u00fcld\u00fcnk.<\/p>\n<p><b>A z\u00e1rol\u00e1shoz val\u00f3 jog<\/b><br \/>\n\u00d6n a megadott el\u00e9rhet\u0151s\u00e9geken kereszt\u00fcl k\u00e9rheti t\u0151l\u00fcnk adat\u00e1nak z\u00e1rol\u00e1s\u00e1t. A z\u00e1rol\u00e1s addig tart, am\u00edg az \u00d6n \u00e1ltal megjel\u00f6lt indok sz\u00fcks\u00e9gess\u00e9 teszi az adatok t\u00e1rol\u00e1s\u00e1t. Az \u00d6n k\u00e9relm\u00e9re ezt halad\u00e9ktalanul, de legfeljebb 30 napon bel\u00fcl megtessz\u00fck, az \u00d6n \u00e1ltal megadott e-mail c\u00edmre t\u00e1j\u00e9koztat\u00e1st k\u00fcld\u00fcnk.<\/p>\n<p><b>A tiltakoz\u00e1shoz val\u00f3 jog<br \/>\n<\/b>\u00d6n a megadott el\u00e9rhet\u0151s\u00e9geken kereszt\u00fcl tiltakozhat az adatkezel\u00e9s ellen. A tiltakoz\u00e1st a k\u00e9relem beny\u00fajt\u00e1s\u00e1t\u00f3l sz\u00e1m\u00edtott legr\u00f6videbb id\u0151n bel\u00fcl, de legfeljebb 15 napon bel\u00fcl megvizsg\u00e1ljuk, annak megalapozotts\u00e1ga k\u00e9rd\u00e9s\u00e9ben d\u00f6nt\u00e9st hozunk, \u00e9s a d\u00f6nt\u00e9s\u00e9r\u0151l \u00d6nt e-mailben t\u00e1j\u00e9koztatjuk.<\/p>\n<p><b>Az adatkezel\u00e9ssel kapcsolatos jog\u00e9rv\u00e9nyes\u00edt\u00e9si lehet\u0151s\u00e9g<br \/>\n<\/b>Az \u00d6n \u00e1ltal tapasztalt jogellenes adatkezel\u00e9s eset\u00e9n \u00e9rtes\u00edtse c\u00e9g\u00fcnket, \u00edgy lehet\u0151s\u00e9g ny\u00edlik arra, hogy r\u00f6vid id\u0151n bel\u00fcl helyre\u00e1lljon a jogszer\u0171 \u00e1llapot. Az \u00d6n \u00e9rdek\u00e9ben mindent megtesz\u00fcnk, hogy a v\u00e1zolt probl\u00e9ma megold\u00f3djon.<\/p>\n<p>Amennyiben az \u00d6n meg\u00edt\u00e9l\u00e9se szerint a jogszer\u0171 \u00e1llapot nem \u00e1ll\u00edthat\u00f3 helyre, \u00e9rtes\u00edtse err\u0151l a hat\u00f3s\u00e1got az al\u00e1bbi el\u00e9rhet\u0151s\u00e9geken:<\/p>\n<p><b>Nemzeti Adatv\u00e9delmi \u00e9s Inform\u00e1ci\u00f3szabads\u00e1g Hat\u00f3s\u00e1g<\/b><\/p>\n<p>Postac\u00edm: 1530 Budapest, Pf.: 5.<br \/>\nC\u00edm: 1125 Budapest, Szil\u00e1gyi Erzs\u00e9bet fasor 22\/c<br \/>\nTelefon: +36 (1) 391-1400<br \/>\nFax: +36 (1) 391-1410<br \/>\nE-mail: ugyfelszolgalat (kukac) naih.hu<br \/>\nURL https:\/\/naih.hu<\/p>\n<p><b>Az adatkezel\u00e9s alapj\u00e1ul szolg\u00e1l\u00f3 jogszab\u00e1lyok<\/b><\/p>\n<p>\u2013 AZ EUR\u00d3PAI PARLAMENT \u00c9S A TAN\u00c1CS (EU) 2016\/679 RENDELETE (2016. \u00e1prilis 27.) a term\u00e9szetes szem\u00e9lyeknek a szem\u00e9lyes adatok kezel\u00e9se tekintet\u00e9ben t\u00f6rt\u00e9n\u0151 v\u00e9delm\u00e9r\u0151l \u00e9s az ilyen adatok szabad \u00e1raml\u00e1s\u00e1r\u00f3l, valamint a 95\/46\/EK rendelet hat\u00e1lyon k\u00edv\u00fcl helyez\u00e9s\u00e9r\u0151l (\u00e1ltal\u00e1nos adatv\u00e9delmi rendelet).<\/p>\n<p>\u2013 2011. \u00e9vi CXII. t\u00f6rv\u00e9ny az inform\u00e1ci\u00f3s \u00f6nrendelkez\u00e9si jogr\u00f3l \u00e9s az inform\u00e1ci\u00f3szabads\u00e1gr\u00f3l.<\/p>\n<p>\u2013 A k\u00f6ziratokr\u00f3l, a k\u00f6zlev\u00e9lt\u00e1rakr\u00f3l \u00e9s a mag\u00e1nlev\u00e9lt\u00e1ri anyag v\u00e9delm\u00e9r\u0151l sz\u00f3l\u00f3 1995. \u00e9vi LXVI. t\u00f6rv\u00e9ny.<\/p>\n<p>\u2013 A k\u00f6zfeladatot ell\u00e1t\u00f3 szervek iratkezel\u00e9s\u00e9nek \u00e1ltal\u00e1nos k\u00f6vetelm\u00e9nyeir\u0151l sz\u00f3l\u00f3 335\/2005. (XII. 29.) Korm. rendelet.<\/p>\n<p>\u2013 2001. \u00e9vi CVIII. t\u00f6rv\u00e9ny az elektronikus kereskedelmi szolg\u00e1ltat\u00e1sok, valamint az inform\u00e1ci\u00f3s t\u00e1rsadalommal \u00f6sszef\u00fcgg\u0151 szolg\u00e1ltat\u00e1sok egyes k\u00e9rd\u00e9seir\u0151l.<\/p>\n<p>\u2013 2003. \u00e9vi C. t\u00f6rv\u00e9ny az elektronikus h\u00edrk\u00f6zl\u00e9sr\u0151l.<\/p>\n","protected":false},"excerpt":{"rendered":"<p>Adatkezel\u00e9si t\u00e1j\u00e9koztat\u00f3 I. Az adatkezel\u0151 Szolg\u00e1ltat\u00f3 neve: B\u00e1rsonykalap\u00e1cs Kft. Szolg\u00e1ltat\u00f3 sz\u00e9khelye \/ levelez\u00e9si c\u00edme: 1141 Budapest Kom\u00f3csy u. 11-13. Ad\u00f3sz\u00e1m: 12307751-2-42 C\u00e9gjegyz\u00e9ksz\u00e1m: 01-09-664860 Telefonsz\u00e1ma: +36 30 274 9115 E-mail c\u00edme: balogh@velvethammer.eu T\u00e1rhelyszolg\u00e1ltat\u00f3: ACE Telecom Kft. C\u00edme: 1037 Budapest, Zay u. 3. II. Fogalommeghat\u00e1roz\u00e1sok GDPR (General Data Protection Regulation) az Eur\u00f3pai Uni\u00f3 \u00faj Adatv\u00e9delmi Rendelete; Adatkezel\u00e9s: &hellip;<\/p>\n<p class=\"read-more\"> <a class=\"\" href=\"https:\/\/velvethammer.eu\/hu\/adatkezelesi-tajekoztato\/\"> <span class=\"screen-reader-text\">Adatkezel\u00e9si t\u00e1j\u00e9koztat\u00f3<\/span> Read More &raquo;<\/a><\/p>\n","protected":false},"author":1,"featured_media":0,"parent":0,"menu_order":0,"comment_status":"closed","ping_status":"closed","template":"elementor_canvas","meta":{"site-sidebar-layout":"no-sidebar","site-content-layout":"page-builder","ast-global-header-display":"","ast-banner-title-visibility":"","ast-main-header-display":"","ast-hfb-above-header-display":"","ast-hfb-below-header-display":"","ast-hfb-mobile-header-display":"","site-post-title":"","ast-breadcrumbs-content":"","ast-featured-img":"","footer-sml-layout":"","theme-transparent-header-meta":"default","adv-header-id-meta":"","stick-header-meta":"","header-above-stick-meta":"","header-main-stick-meta":"","header-below-stick-meta":"","footnotes":""},"class_list":["post-1871","page","type-page","status-publish","hentry"],"_links":{"self":[{"href":"https:\/\/velvethammer.eu\/hu\/wp-json\/wp\/v2\/pages\/1871","targetHints":{"allow":["GET"]}}],"collection":[{"href":"https:\/\/velvethammer.eu\/hu\/wp-json\/wp\/v2\/pages"}],"about":[{"href":"https:\/\/velvethammer.eu\/hu\/wp-json\/wp\/v2\/types\/page"}],"author":[{"embeddable":true,"href":"https:\/\/velvethammer.eu\/hu\/wp-json\/wp\/v2\/users\/1"}],"replies":[{"embeddable":true,"href":"https:\/\/velvethammer.eu\/hu\/wp-json\/wp\/v2\/comments?post=1871"}],"version-history":[{"count":4,"href":"https:\/\/velvethammer.eu\/hu\/wp-json\/wp\/v2\/pages\/1871\/revisions"}],"predecessor-version":[{"id":1875,"href":"https:\/\/velvethammer.eu\/hu\/wp-json\/wp\/v2\/pages\/1871\/revisions\/1875"}],"wp:attachment":[{"href":"https:\/\/velvethammer.eu\/hu\/wp-json\/wp\/v2\/media?parent=1871"}],"curies":[{"name":"wp","href":"https:\/\/api.w.org\/{rel}","templated":true}]}}