{"id":822,"date":"2020-04-09T17:41:17","date_gmt":"2020-04-09T15:41:17","guid":{"rendered":"http:\/\/new.velvethammer.eu\/?page_id=822"},"modified":"2025-12-06T21:00:17","modified_gmt":"2025-12-06T20:00:17","slug":"velvet-hammer-branding","status":"publish","type":"page","link":"https:\/\/velvethammer.eu\/en\/","title":{"rendered":"M\u00e1rkafejleszt\u00e9s \u00e9s m\u00e1rka\u00e9p\u00edt\u00e9s"},"content":{"rendered":"<h4>Okos m\u00e1rk\u00e1kat fejleszt\u00fcnk<\/h4>\n<h1>\n\t\t\t\t\treConnect<br \/>\n\t\t\t\tto&nbsp;Change<br \/>\n\t\t\t\t&#038;&nbsp;Engage<br \/>\n\t\t\t\t<\/h1>\n<p>\t\t\t\t\t\t\t\t\t\t\t\t\t<a href=\"https:\/\/velvethammer.eu\/hu\/milyen-modern-a-markad\/\"><br \/>\n\t\t\t\t\t\t\t<img decoding=\"async\" width=\"150\" height=\"150\" src=\"https:\/\/velvethammer.eu\/wp-content\/uploads\/2020\/06\/Gift_k-150x150.png\" alt=\"A m\u00e1rka, amely \u00f6r\u00f6met \u00edg\u00e9r\" loading=\"lazy\" title=\"\">\t\t\t\t\t\t\t\t<\/a><\/p>\n<h2><a href=\"https:\/\/velvethammer.eu\/milyen-modern-a-markad\/\">Milyen &#8216;modern&#8217; a m\u00e1rk\u00e1d?<\/a><\/h2>\n<h2><a href=\"https:\/\/velvethammer.eu\/hu\/milyen-modern-a-markad\/\">Olvasd el a posztot \u00e9s tudni fogod!<\/a><\/h2>\n<h2><a href=\"https:\/\/velvethammer.eu\/hu\/how-modern-is-your-brand\/\">For the English version, please, click here!<\/a><\/h2>\n<h1>r\u00f3lunk<\/h1>\n<h2>M\u00e1rkaszak\u00e9rt\u0151k<\/h2>\n<p style=\"text-align: left;\">Speci\u00e1lis szakter\u00fclet\u00fcnk a m\u00e1rkafejleszt\u00e9s \u00e9s a branding tan\u00e1csad\u00e1s.<\/p>\n<h2>A v\u00e1llal\u00e1sunk<\/h2>\n<p style=\"text-align: left;\">\u00dagy feljesztj\u00fck a m\u00e1rk\u00e1j\u00e1t, hogy az az elv\u00e1r\u00e1sait t\u00falteljes\u00edtse.<\/p>\n<h2>Let&#8217;s brand<\/h2>\n<p style=\"text-align: left;\">Az\u00e9rt dolgozunk, hogy a m\u00e1rk\u00e1ja nemzetk\u00f6zi szint\u0171 strat\u00e9gi\u00e1val \u00e9s megjelen\u00e9ssel induljon el a m\u00e1rka\u00e9p\u00edt\u00e9s \u00fatj\u00e1n, \u00e9s hogy t\u00e1mogassuk \u00f6nt a m\u00e1rk\u00e1j\u00e1ban rejl\u0151 lehet\u0151s\u00e9gek kiakn\u00e1z\u00e1s\u00e1ban. <a href=\"#contact\">Let&#8217;s brand.<\/a><\/p>\n<h2>Akik m\u00e1r dolgoztak vel\u00fcnk<\/h2>\n<figure><img decoding=\"async\" src=\"https:\/\/velvethammer.eu\/wp-content\/uploads\/2020\/05\/Alternate_Logo.svg\" alt=\"Brand development\" title=\"\"><\/figure>\n<figure><img decoding=\"async\" src=\"https:\/\/velvethammer.eu\/wp-content\/uploads\/2020\/05\/AVIALogo-2.svg\" alt=\"Brand strategy\" title=\"\"><\/figure>\n<figure><img decoding=\"async\" src=\"https:\/\/velvethammer.eu\/wp-content\/uploads\/2020\/05\/Carglass_Logo.svg\" alt=\"Brand communication\" title=\"\"><\/figure>\n<figure><img decoding=\"async\" src=\"https:\/\/velvethammer.eu\/wp-content\/uploads\/2020\/05\/Civita_Logo.svg\" alt=\"Brand development\" title=\"\"><\/figure>\n<figure><img decoding=\"async\" src=\"https:\/\/velvethammer.eu\/wp-content\/uploads\/2020\/05\/Denso_Logo.svg\" alt=\"Brand communication\" title=\"\"><\/figure>\n<figure><img decoding=\"async\" src=\"https:\/\/velvethammer.eu\/wp-content\/uploads\/2020\/05\/ELOPAKLogo-1.svg\" alt=\"Brand communication\" title=\"\"><\/figure>\n<figure><img decoding=\"async\" src=\"https:\/\/velvethammer.eu\/wp-content\/uploads\/2020\/05\/LEGLogo-1.svg\" alt=\"Brand development, brand building\" title=\"\"><\/figure>\n<figure><img decoding=\"async\" src=\"https:\/\/velvethammer.eu\/wp-content\/uploads\/2020\/05\/MagnetLogo-1.svg\" alt=\"Magnet K\u00f6z\u00f6ss\u00e9gi Bank\" title=\"\"><\/figure>\n<figure><img decoding=\"async\" src=\"https:\/\/velvethammer.eu\/wp-content\/uploads\/2020\/05\/Matratej_Logo-1.svg\" alt=\"Brand development\" title=\"\"><\/figure>\n<figure><img decoding=\"async\" src=\"https:\/\/velvethammer.eu\/wp-content\/uploads\/2020\/05\/Mondial_Logo-1.svg\" alt=\"Mondial Assistance\" title=\"\"><\/figure>\n<figure><img decoding=\"async\" src=\"https:\/\/velvethammer.eu\/wp-content\/uploads\/2020\/05\/QLM_Logo-1.svg\" alt=\"QLM Logistics Solution\" title=\"\"><\/figure>\n<figure><img decoding=\"async\" src=\"https:\/\/velvethammer.eu\/wp-content\/uploads\/2020\/05\/Salinen_Logo-1.svg\" alt=\"Salinen Austria AG\" title=\"\"><\/figure>\n<figure><img decoding=\"async\" src=\"https:\/\/velvethammer.eu\/wp-content\/uploads\/2020\/05\/Sanofi_Logo-1.svg\" alt=\"Sanofi-synthelabo\" title=\"\"><\/figure>\n<figure><img decoding=\"async\" src=\"https:\/\/velvethammer.eu\/wp-content\/uploads\/2020\/05\/Semmelrock_Logo.svg\" alt=\"Semmelrock Stein und Design\" title=\"\"><\/figure>\n<h2>Alternate, Alv\u00e1s St\u00fadi\u00f3, Andr\u00e1ssy University Budapest, AVIA, Budapest Power Plant-EDF, Carglass, Chinoin-Sanofi-Synthelabo, Cocaine-DC Beverages, Denso, Dreher-SABMiller, Elopak, Fix Fut\u00e1r, Hardell-Protektorwerk, IT-Company, Kopp\u00e1nyi, K\u00d6VET-INEM, Language Experts Group, Magnet Bank, M\u00e1tratej, Mayer Toyota, Microsoft-TechNet Magazine, Mixtura, Moment Consulting, Montana, Magyar Tejgazdas\u00e1gi K\u00eds\u00e9rleti Int\u00e9zet, Pharmacia, QLM Logistic Solutions, Olympos\u2013Top Joy, Pneu Trade, Salinen Austria, Semmelrock, Totalgaz<\/h2>\n<h1>a brandingr\u0151l<\/h1>\n<p>\t\t\t\t\t\t\t\t\t\t\t\t<img decoding=\"async\" width=\"500\" height=\"570\" src=\"https:\/\/velvethammer.eu\/wp-content\/uploads\/2020\/04\/jo_3_k.png\" alt=\"Zoltan BALOGH portrait\" loading=\"lazy\" srcset=\"https:\/\/velvethammer.eu\/wp-content\/uploads\/2020\/04\/jo_3_k.png 500w, https:\/\/velvethammer.eu\/wp-content\/uploads\/2020\/04\/jo_3_k-263x300.png 263w\" sizes=\"auto, (max-width: 500px) 100vw, 500px\" title=\"\">\t\t\t\t\t\t\t\t\t\t\t\t\t\t<\/p>\n<h2>A COVID-19 v\u00edrus okozta v\u00e1ltoz\u00e1sokat nem ker\u00fclhetj\u00fck el. Ez\u00e9rt sz\u00e1momra nem az a k\u00e9rd\u00e9s, hogy a m\u00e1rk\u00e1j\u00e1nak alkalmazkodnia kell-e az \u00faj helyzethez, hanem az, hogy hogyan.<br \/>\n<\/h2>\n<h2>BALOGH Zolt\u00e1n | m\u00e1rkastrat\u00e9ga<\/h2>\n<h2>A m\u00e1rka \u00e9lete, avagy mikor kell egy branding projekt?<\/h2>\n<p>Mint minden \u00e9l\u0151 dolognak, a m\u00e1rk\u00e1nak is vannak \u00e9letciklusai, amely ciklusokban m\u00e1s \u00e9s m\u00e1s t\u00edpus\u00fa projektek biztos\u00edtj\u00e1k a m\u00e1rka fenntarthat\u00f3 piaci el\u0151ny\u00e9t.<\/p>\n<p>\t\t\t\t\t\t\t\t\t\t\t\t<img decoding=\"async\" width=\"1\" height=\"1\" src=\"https:\/\/velvethammer.eu\/wp-content\/uploads\/2020\/05\/Draft1.svg\" alt=\"\u00daj m\u00e1rk\u00e1k fejleszt\u00e9se\" loading=\"lazy\" title=\"\">\t\t\t\t\t\t\t\t\t\t\t\t\t\t<\/p>\n<h2>\u00daj m\u00e1rka, vagy teljes meg\u00fajul\u00e1s<\/h2>\n<h2>A m\u00e1rka els\u0151 \u00e9letciklusa: egy \u00faj term\u00e9k, szolg\u00e1ltat\u00e1s, vagy v\u00e1llalkoz\u00e1s, amelyet az alapokt\u00f3l kell fel\u00e9p\u00edteni, vagy egy l\u00e9tez\u0151 m\u00e1rka, amelyet teljesen meg kell \u00faj\u00edtani. Ezekben az esetekben egy teljes k\u00f6r\u0171 m\u00e1rkafejleszt\u00e9si projekt r\u00e9v\u00e9n keltj\u00fck \u00e9letre az \u00faj m\u00e1rk\u00e1t \/ brandet.<\/h2>\n<p>\t\t\t\t\t\t\t\t\t\t\t\t<img decoding=\"async\" width=\"1\" height=\"1\" src=\"https:\/\/velvethammer.eu\/wp-content\/uploads\/2020\/05\/Gold.svg\" alt=\"B\u00e1rsonykalap\u00e1cs branding logo\" loading=\"lazy\" title=\"\">\t\t\t\t\t\t\t\t\t\t\t\t\t\t<\/p>\n<h2>Az \u00e9let sz\u00e9p: az \u00fczlet sz\u00e1rnyal, de hogy tudunk m\u00e9g t\u00f6bbet el\u00e9rni?<\/h2>\n<h2>A m\u00e1rka m\u0171k\u00f6dik, de a brandingesek sosem pihennek. A m\u00e1rk\u00e1nak folyamatosan meg kell \u00fajulnia, m\u00e1rkavez\u00e9relt innov\u00e1ci\u00f3kkal vagy alkalmank\u00e9nti arculati friss\u00edt\u00e9sekkel, hogy \u00faj piaci poz\u00edci\u00f3kat h\u00f3d\u00edtson meg.<\/h2>\n<p>\t\t\t\t\t\t\t\t\t\t\t\t<img decoding=\"async\" width=\"1\" height=\"1\" src=\"https:\/\/velvethammer.eu\/wp-content\/uploads\/2020\/05\/RoncsXW.svg\" alt=\"A m\u00e1rka kr\u00edzishelyzetben\" loading=\"lazy\" title=\"\">\t\t\t\t\t\t\t\t\t\t\t\t\t\t<\/p>\n<h2>\nKr\u00edzis: piaci v\u00e1ltoz\u00e1sok, \u00faj amb\u00edci\u00f3k, probl\u00e9m\u00e1k<\/h2>\n<h2>Minden v\u00e1llalkoz\u00e1s, term\u00e9k, vagy szolg\u00e1ltat\u00e1s \u00e9let\u00e9ben megjelenhetnek a v\u00e1ls\u00e1g jelei, t\u00f6r\u00e9sek a sikeres m\u0171k\u00f6d\u00e9sben. Ilyenkor a m\u00e1rk\u00e1t az alapokt\u00f3l kell \u00fajragondolni.<\/h2>\n<h1>szolg\u00e1ltat\u00e1saink<\/h1>\n<h2>M\u00e1rkastrat\u00e9gia<\/h2>\n<p>\t\t\t\t\t\t\t\t\t\t\t\t<a href=\"\">M\u00e1rka audit<\/a><\/p>\n<p>A m\u00e1rka k\u00fcls\u0151 \u00e9s bels\u0151 k\u00f6rnyezet\u00e9nek vizsg\u00e1lata, benchmarking \u00e9s anal\u00edzis. A projekt pontos c\u00e9lj\u00e1nak a meghat\u00e1roz\u00e1sa.<\/p>\n<p>\t\t\t\t\t\t\t\t\t\t\t\t<a href=\"\">M\u00e1rka pozicion\u00e1l\u00e1s<\/a><\/p>\n<p>A m\u00e1rka pozicion\u00e1l\u00e1sa \u00e9s a megk\u00fcl\u00f6nb\u00f6ztet\u0151 param\u00e9terek meghat\u00e1roz\u00e1sa.<\/p>\n<p>\t\t\t\t\t\t\t\t\t\t\t\t<a href=\"\">M\u00e1rka identit\u00e1s<\/a><\/p>\n<p>A m\u00e1rka\u00e9rt\u00e9kek alapj\u00e1n a m\u00e1rka gondolatk\u00f6r meghat\u00e1roz\u00e1sa,\u00a0 a m\u00e1rkaszem\u00e9lyis\u00e9g kialak\u00edt\u00e1sa \u00e9s a m\u00e1rka insightok \u00f6ssze\u00e1ll\u00edt\u00e1sa.<\/p>\n<p>\t\t\t\t\t\t\t\t\t\t\t\t<a href=\"\">M\u00e1rkastrukt\u00fara<\/a><\/p>\n<p>A m\u00e1rk\u00e1k rendszer\u00e9nek meghat\u00e1roz\u00e1sa.<\/p>\n<h2>M\u00e1rka design<\/h2>\n<p>\t\t\t\t\t\t\t\t\t\t\t\t<a href=\"\">Verb\u00e1lis design<\/a><\/p>\n<p>A m\u00e1rka verb\u00e1lis megjelen\u00e9seinek a kidolgoz\u00e1sa: n\u00e9v, defin\u00edci\u00f3, szlogen. A verb\u00e1lis st\u00edlus meghat\u00e1roz\u00e1sa: hangnem, saj\u00e1t nyelv, hangz\u00e1s \u00e9s megjegyezhet\u0151s\u00e9g.<\/p>\n<p>\t\t\t\t\t\t\t\t\t\t\t\t<a href=\"\">Vizu\u00e1lis design<\/a><\/p>\n<p>A logo \u00e9s ikonogr\u00e1fia, a sz\u00ednek \u00e9s sz\u00edns\u00e9m\u00e1k, a mint\u00e1zatok, a fotogr\u00e1fia \u00e9s illusztr\u00e1ci\u00f3 st\u00edlus\u00e1nak a grafikai tervez\u00e9se.<\/p>\n<p>\t\t\t\t\t\t\t\t\t\t\t\t<a href=\"\">Interakt\u00edv design<\/a><\/p>\n<p>A navig\u00e1ci\u00f3s \u00e9s speci\u00e1lis ikonok, a mozg\u00e1s \u00e9s az anim\u00e1ci\u00f3, a gesztus \u00e9s mozdulat stb. tervez\u00e9se.<\/p>\n<p>\t\t\t\t\t\t\t\t\t\t\t\t<a href=\"\">Szenzor\u00e1lis design<\/a><\/p>\n<p>A terek, a f\u00e9nyek \u00e9s a megvil\u00e1g\u00edt\u00e1s, a hangok, a szagl\u00e1s, az \u00edzlel\u00e9s \u00e9s az \u00e9rint\u00e9s, text\u00fara stb. tervez\u00e9se.<\/p>\n<h2>M\u00e1rka tan\u00e1csad\u00e1s<\/h2>\n<p>\t\t\t\t\t\t\t\t\t\t\t\t<a href=\"\">M\u00e1rkavez\u00e9relt innov\u00e1ci\u00f3<\/a><\/p>\n<p>A m\u00e1rka param\u00e9terei \u00e1ltal vez\u00e9relt innov\u00e1ci\u00f3 fel\u00fcgylete \u00e9s szakmai t\u00e1mogat\u00e1sa.<\/p>\n<p>\t\t\t\t\t\t\t\t\t\t\t\t<a href=\"\">M\u00e1rkamenedzsment<\/a><\/p>\n<p>A marketing kommunik\u00e1ci\u00f3, a m\u00e1rk\u00e1t \u00e9rint\u0151 \u00fczleti d\u00f6nt\u00e9sek el\u0151k\u00e9sz\u00edt\u00e9se, a kr\u00edzishelyzetek kezel\u00e9se \u00e9s a lebonyol\u00edt\u00e1s fel\u00fcgyelete.<\/p>\n<p>\t\t\t\t\t\t\t\t\t\t\t\t<a href=\"\">M\u00e1rkaszab\u00e1lyzat<\/a><\/p>\n<p>M\u00e1rkak\u00f6nyv, amely tartalmazza t\u00f6bbek k\u00f6z\u00f6tt az arculati \u00e9s a m\u00e1rka &#8220;dos &amp; don&#8217;ts&#8221; szab\u00e1lyokat, valamint a szab\u00e1lyok betart\u00e1s\u00e1hoz \u00e9s az arculati eszk\u00f6z\u00f6k egys\u00e9ges haszn\u00e1lathoz sz\u00fcks\u00e9ges m\u00e1rka eszk\u00f6zt\u00e1rat is.<\/p>\n<p>\t\t\t\t\t\t\t\t\t\t\t\t<a href=\"\">M\u00e1rka lokaliz\u00e1ci\u00f3<\/a><\/p>\n<p>A m\u00e1rka \u00faj piacokra val\u00f3 bevezet\u00e9sekor sz\u00fcks\u00e9ges a m\u00e1rka param\u00e9tereinek ellen\u0151rz\u00e9se \u2013 leggyakrabban a kultur\u00e1lis k\u00fcl\u00f6nb\u00f6z\u0151s\u00e9g miatt \u2013 \u00e9s a param\u00e9terek sz\u00fcks\u00e9ges m\u00f3dos\u00edt\u00e1sa.<\/p>\n<h1>referenci\u00e1ink<\/h1>\n<p style=\"text-align: right;\"><strong>M\u00e1rka:<\/strong> CIVITA<br \/><strong>Ipar\u00e1g: <\/strong>\u00e9lelmiszer el\u0151\u00e1ll\u00edt\u00e1s, kateg\u00f3ria: free-from<br \/><strong>C\u00e9lpiacok:<\/strong> UK \u00e9s a CEE orsz\u00e1gok<br \/><strong>Projektek:<\/strong> teljes k\u00f6r\u0171 m\u00e1rkafejleszt\u00e9s \u00e9s m\u00e1rka design, a bevezet\u0151 kamp\u00e1ny m\u00e1rka menedzsel\u00e9se.<br \/><strong>Marketing partner:<\/strong> Bodo Consulting Europe<br \/><strong>Kommunik\u00e1ci\u00f3s kreat\u00edv \u00e9s m\u00e9dia:<\/strong> Friendly<\/p>\n<p>\t\t\t<a href=\"https:\/\/velvethammer.eu\/brand-design\/\" target=\"_blank\" hu=\"en\" role=\"button\" rel=\"noopener\"><br \/>\n\t\t\t\t\t\tN\u00e9zzen k\u00f6r\u00fcl a gal\u00e9ri\u00e1nkban is!<br \/>\n\t\t\t\t\t<\/a><br \/>\n\t\t\t\t\t\t\t\t\t\t\t\t<img decoding=\"async\" width=\"600\" height=\"415\" src=\"https:\/\/velvethammer.eu\/wp-content\/uploads\/2020\/04\/Products_CIVITA_2.png\" alt=\"Civita branded products\" loading=\"lazy\" srcset=\"https:\/\/velvethammer.eu\/wp-content\/uploads\/2020\/04\/Products_CIVITA_2.png 600w, https:\/\/velvethammer.eu\/wp-content\/uploads\/2020\/04\/Products_CIVITA_2-300x208.png 300w\" sizes=\"auto, (max-width: 600px) 100vw, 600px\" title=\"\"><br \/>\n\t\t\t\t\t\t\t\t\t\t\t\t<img decoding=\"async\" width=\"600\" height=\"521\" src=\"https:\/\/velvethammer.eu\/wp-content\/uploads\/2020\/05\/CIV-web3_k.png\" alt=\"\" loading=\"lazy\" srcset=\"https:\/\/velvethammer.eu\/wp-content\/uploads\/2020\/05\/CIV-web3_k.png 600w, https:\/\/velvethammer.eu\/wp-content\/uploads\/2020\/05\/CIV-web3_k-300x261.png 300w\" sizes=\"auto, (max-width: 600px) 100vw, 600px\" title=\"\"><br \/>\n\t\t\t\t\t\t\t\t\t\t\t\t<img decoding=\"async\" width=\"1450\" height=\"425\" src=\"https:\/\/velvethammer.eu\/wp-content\/uploads\/2020\/04\/All_7001_products_k.png\" alt=\"7001 salt product line\" loading=\"lazy\" srcset=\"https:\/\/velvethammer.eu\/wp-content\/uploads\/2020\/04\/All_7001_products_k.png 1450w, https:\/\/velvethammer.eu\/wp-content\/uploads\/2020\/04\/All_7001_products_k-300x88.png 300w, https:\/\/velvethammer.eu\/wp-content\/uploads\/2020\/04\/All_7001_products_k-1024x300.png 1024w, https:\/\/velvethammer.eu\/wp-content\/uploads\/2020\/04\/All_7001_products_k-768x225.png 768w\" sizes=\"auto, (max-width: 1450px) 100vw, 1450px\" title=\"\"><br \/>\n\t\t\t\t\t\t\t\t\t\t\t\t<img decoding=\"async\" width=\"600\" height=\"442\" src=\"https:\/\/velvethammer.eu\/wp-content\/uploads\/2020\/04\/GluckAuf_k.png\" alt=\"Gl\u00fcck Auf package design\" loading=\"lazy\" srcset=\"https:\/\/velvethammer.eu\/wp-content\/uploads\/2020\/04\/GluckAuf_k.png 600w, https:\/\/velvethammer.eu\/wp-content\/uploads\/2020\/04\/GluckAuf_k-300x221.png 300w\" sizes=\"auto, (max-width: 600px) 100vw, 600px\" title=\"\"><br \/>\n\t\t\t\t\t\t\t\t\t\t\t\t<img decoding=\"async\" width=\"953\" height=\"679\" src=\"https:\/\/velvethammer.eu\/wp-content\/uploads\/2020\/04\/SalinenEU_k.png\" alt=\"Salinen branding projects by Velvet Hamer Branding\" loading=\"lazy\" srcset=\"https:\/\/velvethammer.eu\/wp-content\/uploads\/2020\/04\/SalinenEU_k.png 953w, https:\/\/velvethammer.eu\/wp-content\/uploads\/2020\/04\/SalinenEU_k-300x214.png 300w, https:\/\/velvethammer.eu\/wp-content\/uploads\/2020\/04\/SalinenEU_k-768x547.png 768w\" sizes=\"auto, (max-width: 953px) 100vw, 953px\" title=\"\">\t\t\t\t\t\t\t\t\t\t\t\t\t\t<\/p>\n<p style=\"text-align: left;\"><strong>M\u00e1rk\u00e1k:<\/strong> 7001, Gl\u00fcck Auf, Martin Krpan, Sale Alpino, Solivary, ProKlar, Tablesol<br \/><strong>Ipar\u00e1g:<\/strong> s\u00f3 term\u00e9kek, Kateg\u00f3ria: food \u00e9s non-food FMCG term\u00e9kek<br \/><strong>C\u00e9lpiacok:<\/strong> Ausztria, Olaszorsz\u00e1g \u00e9s a CEE orsz\u00e1gok<br \/><strong>Projektek:<\/strong> teljes k\u00f6r\u0171 m\u00e1rkafejleszt\u00e9s \u00e9s m\u00e1rka design, re-branding \u00e9s csomagol\u00e1stervez\u00e9s<br \/><strong>Partner a csomagol\u00e1s tervez\u00e9si munk\u00e1kban:<\/strong> Sz\u0151ts M\u00e1rton<\/p>\n<p>\t\t\t<a href=\"https:\/\/velvethammer.eu\/brand-design\/\" target=\"_blank\" role=\"button\" rel=\"noopener\"><br \/>\n\t\t\t\t\t\tN\u00e9zzen k\u00f6r\u00fcl a gal\u00e9ri\u00e1nkban is!<br \/>\n\t\t\t\t\t<\/a><br \/>\n\t\t\t\t\t\t\t\t\t\t\t\t<img decoding=\"async\" width=\"724\" height=\"634\" src=\"https:\/\/velvethammer.eu\/wp-content\/uploads\/2020\/04\/QLM_web_k.png\" alt=\"QLM web site design\" loading=\"lazy\" srcset=\"https:\/\/velvethammer.eu\/wp-content\/uploads\/2020\/04\/QLM_web_k.png 724w, https:\/\/velvethammer.eu\/wp-content\/uploads\/2020\/04\/QLM_web_k-300x263.png 300w\" sizes=\"auto, (max-width: 724px) 100vw, 724px\" title=\"\"><br \/>\n\t\t\t\t\t\t\t\t\t\t\t\t<img decoding=\"async\" width=\"428\" height=\"600\" src=\"https:\/\/velvethammer.eu\/wp-content\/uploads\/2020\/04\/QLM_adv_HU2_k.png\" alt=\"QLM bevezet\u0151 kamp\u00e1ny hirdet\u00e9s\" loading=\"lazy\" srcset=\"https:\/\/velvethammer.eu\/wp-content\/uploads\/2020\/04\/QLM_adv_HU2_k.png 428w, https:\/\/velvethammer.eu\/wp-content\/uploads\/2020\/04\/QLM_adv_HU2_k-214x300.png 214w\" sizes=\"auto, (max-width: 428px) 100vw, 428px\" title=\"\"><br \/>\n\t\t\t\t\t\t\t\t\t\t\t\t<img decoding=\"async\" width=\"955\" height=\"548\" src=\"https:\/\/velvethammer.eu\/wp-content\/uploads\/2020\/04\/QLM-SI-LOGIMAT-stand.png\" alt=\"QLM Logimat stand design\" loading=\"lazy\" srcset=\"https:\/\/velvethammer.eu\/wp-content\/uploads\/2020\/04\/QLM-SI-LOGIMAT-stand.png 955w, https:\/\/velvethammer.eu\/wp-content\/uploads\/2020\/04\/QLM-SI-LOGIMAT-stand-300x172.png 300w, https:\/\/velvethammer.eu\/wp-content\/uploads\/2020\/04\/QLM-SI-LOGIMAT-stand-768x441.png 768w\" sizes=\"auto, (max-width: 955px) 100vw, 955px\" title=\"\">\t\t\t\t\t\t\t\t\t\t\t\t\t\t<\/p>\n<p style=\"text-align: left;\"><strong>M\u00e1rka:<\/strong> QLM Logistics Solutions<br \/><strong>Ipar\u00e1g:<\/strong> rakt\u00e1r-logisztika, kateg\u00f3ria: rakt\u00e1r-logisztikai m\u00e9rn\u00f6kiroda, eszk\u00f6z-kereskedelem \u00e9s egy\u00e9b szolg\u00e1tat\u00e1sok<br \/><strong>C\u00e9lpiacok:<\/strong> N\u00e9metorsz\u00e1g \u00e9s Magyarorsz\u00e1g<br \/><strong>Projektek:<\/strong> teljes k\u00f6r\u0171 m\u00e1rkafejleszt\u00e9s \u00e9s design, re-branding, bevezet\u0151 kamp\u00e1ny<br \/><strong>C\u00e9garculat tervez\u00e9s:<\/strong> Sz\u0151ts M\u00e1rton<br \/><strong>Video gy\u00e1rt\u00e1s:<\/strong> Mester \u00c1kos<br \/><strong>Partner a kreat\u00edv munk\u00e1kban:<\/strong> Bodo Consulting Europe<\/p>\n<p>\t\t\t<a href=\"https:\/\/velvethammer.eu\/brand-design\/\" target=\"_blank\" role=\"button\" rel=\"noopener\"><br \/>\n\t\t\t\t\t\tN\u00e9zzen k\u00f6r\u00fcl a gal\u00e9ri\u00e1nkban is!<br \/>\n\t\t\t\t\t<\/a><\/p>\n<h2>kapcsolat<\/h2>\n<h2>K\u00e9rje online konzult\u00e1ci\u00f3j\u00e1t!<\/h2>\n<p>\t\t\tA Velvet Hammer Branding ingyenesen biztos\u00edt \u00f6nnek online konzult\u00e1ci\u00f3t egy alkalommal. Ez egy nagyszer\u0171 lehet\u0151s\u00e9g arra, hogy felt\u00e1rjuk a v\u00e1llalkoz\u00e1s\u00e1nak a brandingben rejl\u0151 tartal\u00e9kait, elk\u00f6telezetts\u00e9gek n\u00e9lk\u00fcl. K\u00e9rem, t\u00f6ltse ki \u00e9s k\u00fcldje el a lenti \u0171rlapot \u00e9s keresni fogjuk id\u0151pont javaslatainkkal.\t\t<\/p>\n<p>Az adatai elk\u00fcld\u00e9s\u00e9vel \u00f6n kijelenti, hogy elolvasta \u00e9s elfogadja az <a href=\"https:\/\/velvethammer.eu\/hu\/adatkezelesi-tajekoztato\/\">Adatkezel\u00e9si T\u00e1j\u00e9koztat\u00f3nkat<\/a>.<\/p>\n<p>\t\t\t\t\t\t\t\t\t\t\t\t<img decoding=\"async\" src=\"https:\/\/velvethammer.eu\/wp-content\/uploads\/elementor\/thumbs\/jo_3_k-oo42thbk63fhnojojtoq6gxp8q6o8x4h92lg9h1x7e.png\" title=\"Zoltan Balogh\" alt=\"Zoltan BALOGH portrait\" \/>\t\t\t\t\t\t\t\t\t\t\t\t\t\t<\/p>\n<p style=\"text-align: left;\">BALOGH Zolt\u00e1n brand strat\u00e9ga<br \/>e-mail: <a href=\"mailto:balogh@velvethammer.eu\">balogh@velvethammer.eu<\/a><br \/>mobil: +36 30 274 9115<br \/>skype: balogh.zoltan0616<\/p>\n<p style=\"text-align: left;\">B\u00e1rsonykalap\u00e1cs Kft.<br \/>H-1141 Budapest, Kom\u00f3csy u. 11-13.<br \/>Ad\u00f3sz\u00e1m:\u00a012307751-2-42<strong><br \/><\/strong>C\u00e9gjegyz\u00e9ksz\u00e1m:\u00a001-09-664860<strong><br \/><\/strong><\/p>\n<p>\t\t\t\t\t<a href=\"https:\/\/linkedin.com\/company\/velvethammer-branding\" target=\"_blank\" rel=\"noopener\"><br \/>\n\t\t\t\t\t\tLinkedin<br \/>\n\t\t\t\t\t\t\t\t\t\t\t<\/a><br \/>\n\t\t\t\t\t<a href=\"https:\/\/www.facebook.com\/VelvetHammerBranding\/\" target=\"_blank\" rel=\"noopener\"><br \/>\n\t\t\t\t\t\tFacebook<br \/>\n\t\t\t\t\t\t\t\t\t\t\t<\/a><br \/>\n\t\t\t\t\t<a href=\"https:\/\/twitter.com\/home?lang=hu\" target=\"_blank\" rel=\"noopener\"><br \/>\n\t\t\t\t\t\tTwitter<br \/>\n\t\t\t\t\t\t\t\t\t\t\t<\/a><br \/>\n\t\tMinden jog fenntartva! \u00a9 1995-[hfe_current_year] [hfe_site_title] | Powered by [hfe_site_title]<\/p>\n","protected":false},"excerpt":{"rendered":"<p>Okos m\u00e1rk\u00e1kat fejleszt\u00fcnk reConnect to&nbsp;Change &#038;&nbsp;Engage Milyen &#8216;modern&#8217; a m\u00e1rk\u00e1d? Olvasd el a posztot \u00e9s tudni fogod! For the English version, please, click here! r\u00f3lunk M\u00e1rkaszak\u00e9rt\u0151k Speci\u00e1lis szakter\u00fclet\u00fcnk a m\u00e1rkafejleszt\u00e9s \u00e9s a branding tan\u00e1csad\u00e1s. A v\u00e1llal\u00e1sunk \u00dagy feljesztj\u00fck a m\u00e1rk\u00e1j\u00e1t, hogy az az elv\u00e1r\u00e1sait t\u00falteljes\u00edtse. Let&#8217;s brand Az\u00e9rt dolgozunk, hogy a m\u00e1rk\u00e1ja nemzetk\u00f6zi szint\u0171 strat\u00e9gi\u00e1val &hellip;<\/p>\n<p class=\"read-more\"> <a class=\"\" href=\"https:\/\/velvethammer.eu\/en\/\"> <span class=\"screen-reader-text\">M\u00e1rkafejleszt\u00e9s \u00e9s m\u00e1rka\u00e9p\u00edt\u00e9s<\/span> Read More &raquo;<\/a><\/p>","protected":false},"author":1,"featured_media":2352,"parent":0,"menu_order":0,"comment_status":"closed","ping_status":"closed","template":"elementor_canvas","meta":{"site-sidebar-layout":"no-sidebar","site-content-layout":"page-builder","ast-global-header-display":"","ast-banner-title-visibility":"","ast-main-header-display":"","ast-hfb-above-header-display":"","ast-hfb-below-header-display":"","ast-hfb-mobile-header-display":"","site-post-title":"","ast-breadcrumbs-content":"","ast-featured-img":"","footer-sml-layout":"","theme-transparent-header-meta":"default","adv-header-id-meta":"","stick-header-meta":"","header-above-stick-meta":"","header-main-stick-meta":"","header-below-stick-meta":"","footnotes":""},"class_list":["post-822","page","type-page","status-publish","has-post-thumbnail","hentry"],"_links":{"self":[{"href":"https:\/\/velvethammer.eu\/en\/wp-json\/wp\/v2\/pages\/822","targetHints":{"allow":["GET"]}}],"collection":[{"href":"https:\/\/velvethammer.eu\/en\/wp-json\/wp\/v2\/pages"}],"about":[{"href":"https:\/\/velvethammer.eu\/en\/wp-json\/wp\/v2\/types\/page"}],"author":[{"embeddable":true,"href":"https:\/\/velvethammer.eu\/en\/wp-json\/wp\/v2\/users\/1"}],"replies":[{"embeddable":true,"href":"https:\/\/velvethammer.eu\/en\/wp-json\/wp\/v2\/comments?post=822"}],"version-history":[{"count":1156,"href":"https:\/\/velvethammer.eu\/en\/wp-json\/wp\/v2\/pages\/822\/revisions"}],"predecessor-version":[{"id":2319,"href":"https:\/\/velvethammer.eu\/en\/wp-json\/wp\/v2\/pages\/822\/revisions\/2319"}],"wp:featuredmedia":[{"embeddable":true,"href":"https:\/\/velvethammer.eu\/en\/wp-json\/"}],"wp:attachment":[{"href":"https:\/\/velvethammer.eu\/en\/wp-json\/wp\/v2\/media?parent=822"}],"curies":[{"name":"wp","href":"https:\/\/api.w.org\/{rel}","templated":true}]}}